{"id":69,"date":"2017-09-28T13:28:22","date_gmt":"2017-09-28T13:28:22","guid":{"rendered":"http:\/\/vinotresgeneraciones.com\/?page_id=69"},"modified":"2017-11-03T08:48:13","modified_gmt":"2017-11-03T08:48:13","slug":"vinedo","status":"publish","type":"page","link":"http:\/\/vinotresgeneraciones.com\/en\/vinedo\/","title":{"rendered":"Vineyard"},"content":{"rendered":"<div class=\"wpb-content-wrapper\"><div data-vc-full-width=\"true\" data-vc-full-width-init=\"false\" class=\"vc_row wpb_row vc_row-fluid vc_custom_1509697500695 vc_row-has-fill\"><div class=\"wpb_column vc_column_container vc_col-sm-12\"><div class=\"vc_column-inner\"><div class=\"wpb_wrapper\"><\/div><\/div><\/div><\/div><div class=\"vc_row-full-width vc_clearfix\"><\/div><div class=\"vc_row wpb_row vc_row-fluid vc_custom_1506598435345\"><div class=\"wpb_column vc_column_container vc_col-sm-12\"><div class=\"vc_column-inner\"><div class=\"wpb_wrapper\">\n\t<div class=\"wpb_text_column wpb_content_element vc_custom_1508766596254\" >\n\t\t<div class=\"wpb_wrapper\">\n\t\t\t<h1 style=\"text-align: center;\">Vineyard<\/h1>\n\n\t\t<\/div>\n\t<\/div>\n<div class=\"vc_row wpb_row vc_inner vc_row-fluid\"><div class=\"wpb_column vc_column_container vc_col-sm-6\"><div class=\"vc_column-inner\"><div class=\"wpb_wrapper\">\n\t<div class=\"wpb_text_column wpb_content_element\" >\n\t\t<div class=\"wpb_wrapper\">\n\t\t\t<p>The vineyard has an area of \u200b\u200b8.5 hectares. It is located on the road from Ronda to Acinipo (Ruins of the ancient Roman City of Acinipo), km. 6. The farm is within the municipal area of \u200b\u200bthe city of Ronda (M\u00e0laga).<\/p>\n<p>Located at an altitude of 850 m, it is located within the Serran\u00eda de Ronda region. The topography of the estate is very uniform so it does not have any risk of surface erosion, which allows us to maintain the original horizons of the estate, and thus maintain a constant influence of the terroir on our wines over the years.<\/p>\n<p>The vineyards are cultivated on horizontal soils with gentle slopes. This topographic situation favors the ventilation of the vineyard and attenuates the thermal excesses, favoring at the same time a moderate growth and in general terms, with very positive effects for the growth and evolution of the composition of the grape, particularly of the red varieties grown here.<\/p>\n<p>On the other hand, it is important to highlight that the vineyards are mainly in exhibitions to the east, cooler and more favorable in this southern character viticulture, and also towards the Sierra de Grazalema, with frequent winds from the east that favor aeration of the foliar surface and of the grapes, particularly important during the ripening period.<\/p>\n\n\t\t<\/div>\n\t<\/div>\n<\/div><\/div><\/div><div class=\"wpb_column vc_column_container vc_col-sm-6\"><div class=\"vc_column-inner\"><div class=\"wpb_wrapper\">\n\t<div class=\"wpb_text_column wpb_content_element\" >\n\t\t<div class=\"wpb_wrapper\">\n\t\t\t<p><strong>Geology and Soils:<\/strong><\/p>\n<p>Calcareous argillic, are poor soils, with good drainage, of moderate depth, which, having a high calcareous component, favors fineness in the tannins.<\/p>\n<p><strong>Varieties:<\/strong><br \/>\nThe Tres Generaciones vineyards are distributed in 8.5 plots made up of a set of five varieties.<\/p>\n<p>These varieties are:<\/p>\n<p>Syrah<br \/>\nMerlot<br \/>\nCabernet Souvignon<br \/>\nTempranillo<br \/>\nGarnacha<\/p>\n\n\t\t<\/div>\n\t<\/div>\n<\/div><\/div><\/div><\/div>\n\t<div class=\"wpb_text_column wpb_content_element vc_custom_1509698831020\" >\n\t\t<div class=\"wpb_wrapper\">\n\t\t\t<h1 style=\"text-align: center;\">Know us<\/h1>\n\n\t\t<\/div>\n\t<\/div>\n\n\t<div class=\"wpb_raw_code wpb_raw_html wpb_content_element\" >\n\t\t<div class=\"wpb_wrapper\">\n\t\t\t<video id=\"sampleMovie\" width=\"100%\" preload controls>\n\t<source src=\"http:\/\/vinotresgeneraciones.com\/wp-content\/uploads\/video\/3gen.mp4\" \/>\n\t<source src=\"http:\/\/vinotresgeneraciones.com\/wp-content\/uploads\/video\/3gen.ogv\" \/>\n\t<source src=\"http:\/\/vinotresgeneraciones.com\/wp-content\/uploads\/video\/3gen.webm\" \/>\n<\/video>\n\t\t<\/div>\n\t<\/div>\n<\/div><\/div><\/div><\/div><div data-vc-full-width=\"true\" data-vc-full-width-init=\"false\" data-vc-stretch-content=\"true\" class=\"vc_row wpb_row vc_row-fluid nospace vc_row-no-padding vc_row-o-equal-height vc_row-flex\"><div class=\"wpb_column vc_column_container vc_col-sm-4\"><div class=\"vc_column-inner\"><div class=\"wpb_wrapper\">\n\t<div  class=\"wpb_single_image wpb_content_element vc_align_left wpb_content_element\">\n\t\t\n\t\t<figure class=\"wpb_wrapper vc_figure\">\n\t\t\t<div class=\"vc_single_image-wrapper   vc_box_border_grey\"><img loading=\"lazy\" decoding=\"async\" width=\"650\" height=\"650\" src=\"http:\/\/vinotresgeneraciones.com\/wp-content\/uploads\/2017\/09\/vinedos002.jpg\" class=\"vc_single_image-img attachment-full\" alt=\"\" title=\"vinedos002\" srcset=\"http:\/\/vinotresgeneraciones.com\/wp-content\/uploads\/2017\/09\/vinedos002.jpg 650w, http:\/\/vinotresgeneraciones.com\/wp-content\/uploads\/2017\/09\/vinedos002-150x150.jpg 150w, http:\/\/vinotresgeneraciones.com\/wp-content\/uploads\/2017\/09\/vinedos002-300x300.jpg 300w\" sizes=\"auto, (max-width: 650px) 100vw, 650px\" \/><\/div>\n\t\t<\/figure>\n\t<\/div>\n<\/div><\/div><\/div><div class=\"wpb_column vc_column_container vc_col-sm-4\"><div class=\"vc_column-inner\"><div class=\"wpb_wrapper\">\n\t<div  class=\"wpb_single_image wpb_content_element vc_align_left wpb_content_element\">\n\t\t\n\t\t<figure class=\"wpb_wrapper vc_figure\">\n\t\t\t<div class=\"vc_single_image-wrapper   vc_box_border_grey\"><img loading=\"lazy\" decoding=\"async\" width=\"650\" height=\"650\" src=\"http:\/\/vinotresgeneraciones.com\/wp-content\/uploads\/2017\/09\/vinedos003.jpg\" class=\"vc_single_image-img attachment-full\" alt=\"\" title=\"vinedos003\" srcset=\"http:\/\/vinotresgeneraciones.com\/wp-content\/uploads\/2017\/09\/vinedos003.jpg 650w, http:\/\/vinotresgeneraciones.com\/wp-content\/uploads\/2017\/09\/vinedos003-150x150.jpg 150w, http:\/\/vinotresgeneraciones.com\/wp-content\/uploads\/2017\/09\/vinedos003-300x300.jpg 300w\" sizes=\"auto, (max-width: 650px) 100vw, 650px\" \/><\/div>\n\t\t<\/figure>\n\t<\/div>\n<\/div><\/div><\/div><div class=\"wpb_column vc_column_container vc_col-sm-4\"><div class=\"vc_column-inner\"><div class=\"wpb_wrapper\">\n\t<div  class=\"wpb_single_image wpb_content_element vc_align_left wpb_content_element\">\n\t\t\n\t\t<figure class=\"wpb_wrapper vc_figure\">\n\t\t\t<div class=\"vc_single_image-wrapper   vc_box_border_grey\"><img loading=\"lazy\" decoding=\"async\" width=\"650\" height=\"650\" src=\"http:\/\/vinotresgeneraciones.com\/wp-content\/uploads\/2017\/09\/vinedos001.jpg\" class=\"vc_single_image-img attachment-full\" alt=\"\" title=\"vinedos001\" srcset=\"http:\/\/vinotresgeneraciones.com\/wp-content\/uploads\/2017\/09\/vinedos001.jpg 650w, http:\/\/vinotresgeneraciones.com\/wp-content\/uploads\/2017\/09\/vinedos001-150x150.jpg 150w, http:\/\/vinotresgeneraciones.com\/wp-content\/uploads\/2017\/09\/vinedos001-300x300.jpg 300w\" sizes=\"auto, (max-width: 650px) 100vw, 650px\" \/><\/div>\n\t\t<\/figure>\n\t<\/div>\n<\/div><\/div><\/div><\/div><div class=\"vc_row-full-width vc_clearfix\"><\/div>\n<\/div>","protected":false},"excerpt":{"rendered":"Vi\u00f1edo El vi\u00f1edo tiene una extensi\u00f3n de 8,5 hect\u00e1reas. Se sit\u00faa en la carretera de Ronda a Acinipo ( Ruinas de la antigua Ciudad Romana de Acinipo ), km. 6. La finca se encuentra dentro del termino municipal de la ciudad de Ronda (M\u00e0laga). Situado a una altitud de 850 m, est\u00e1 ubicado dentro de [...]","protected":false},"author":1,"featured_media":0,"parent":0,"menu_order":0,"comment_status":"closed","ping_status":"open","template":"","meta":{"om_disable_all_campaigns":false,"_exactmetrics_skip_tracking":false,"_exactmetrics_sitenote_active":false,"_exactmetrics_sitenote_note":"","_exactmetrics_sitenote_category":0,"_uf_show_specific_survey":0,"_uf_disable_surveys":false,"footnotes":""},"class_list":["post-69","page","type-page","status-publish","hentry"],"aioseo_notices":[],"_links":{"self":[{"href":"http:\/\/vinotresgeneraciones.com\/en\/wp-json\/wp\/v2\/pages\/69","targetHints":{"allow":["GET"]}}],"collection":[{"href":"http:\/\/vinotresgeneraciones.com\/en\/wp-json\/wp\/v2\/pages"}],"about":[{"href":"http:\/\/vinotresgeneraciones.com\/en\/wp-json\/wp\/v2\/types\/page"}],"author":[{"embeddable":true,"href":"http:\/\/vinotresgeneraciones.com\/en\/wp-json\/wp\/v2\/users\/1"}],"replies":[{"embeddable":true,"href":"http:\/\/vinotresgeneraciones.com\/en\/wp-json\/wp\/v2\/comments?post=69"}],"version-history":[{"count":9,"href":"http:\/\/vinotresgeneraciones.com\/en\/wp-json\/wp\/v2\/pages\/69\/revisions"}],"predecessor-version":[{"id":170,"href":"http:\/\/vinotresgeneraciones.com\/en\/wp-json\/wp\/v2\/pages\/69\/revisions\/170"}],"wp:attachment":[{"href":"http:\/\/vinotresgeneraciones.com\/en\/wp-json\/wp\/v2\/media?parent=69"}],"curies":[{"name":"wp","href":"https:\/\/api.w.org\/{rel}","templated":true}]}}