{"id":77,"date":"2017-09-28T13:40:51","date_gmt":"2017-09-28T13:40:51","guid":{"rendered":"http:\/\/vinotresgeneraciones.com\/?page_id=77"},"modified":"2017-11-02T16:11:46","modified_gmt":"2017-11-02T16:11:46","slug":"nuestra-historia","status":"publish","type":"page","link":"http:\/\/vinotresgeneraciones.com\/en\/nuestra-historia\/","title":{"rendered":"Our History"},"content":{"rendered":"<div class=\"wpb-content-wrapper\"><div data-vc-full-width=\"true\" data-vc-full-width-init=\"false\" class=\"vc_row wpb_row vc_row-fluid vc_custom_1509638474286 vc_row-has-fill\"><div class=\"wpb_column vc_column_container vc_col-sm-12\"><div class=\"vc_column-inner\"><div class=\"wpb_wrapper\"><\/div><\/div><\/div><\/div><div class=\"vc_row-full-width vc_clearfix\"><\/div><div class=\"vc_row wpb_row vc_row-fluid vc_custom_1506598435345\"><div class=\"wpb_column vc_column_container vc_col-sm-12\"><div class=\"vc_column-inner\"><div class=\"wpb_wrapper\">\n\t<div class=\"wpb_text_column wpb_content_element vc_custom_1508766604904\" >\n\t\t<div class=\"wpb_wrapper\">\n\t\t\t<h1 style=\"text-align: center;\">Our History<\/h1>\n\n\t\t<\/div>\n\t<\/div>\n<div class=\"vc_row wpb_row vc_inner vc_row-fluid\"><div class=\"wpb_column vc_column_container vc_col-sm-6\"><div class=\"vc_column-inner\"><div class=\"wpb_wrapper\">\n\t<div class=\"wpb_text_column wpb_content_element\" >\n\t\t<div class=\"wpb_wrapper\">\n\t\t\t<p class=\"p1\">In this world, only the best is passed from generation to generation. Only what transcends time becomes legends. Whoever receives this legacy has no choice but to give it back to his descendants as the most precious gift; thus uniting three generations through a magical connection.<\/p>\n<p class=\"p1\">These legends are stories told by tradition; and its truth is adorned little by little with each story, with each narrator or with each passionate listener who discovers them for the first time through a contemporary.<\/p>\n\n\t\t<\/div>\n\t<\/div>\n<\/div><\/div><\/div><div class=\"wpb_column vc_column_container vc_col-sm-6\"><div class=\"vc_column-inner\"><div class=\"wpb_wrapper\">\n\t<div class=\"wpb_text_column wpb_content_element\" >\n\t\t<div class=\"wpb_wrapper\">\n\t\t\t<p class=\"p1\">The wine is another noble element that, without a doubt, is worth passing from generation to generation. An elixir that from its own creation is, in itself, a legend. Its original truth, the grape, has been improved and enhanced by a luxury chronicler who always knew how to provide the strength and nuances necessary to create something exceptional: time.<\/p>\n<p class=\"p1\">Wouldn't it be extraordinary to create something capable of combining more than one of these elements? Without a doubt, it would be something to tell the new generations. And these, probably, also in the future will tell it to those who come.<\/p>\n\n\t\t<\/div>\n\t<\/div>\n<\/div><\/div><\/div><\/div><\/div><\/div><\/div><\/div><div data-vc-full-width=\"true\" data-vc-full-width-init=\"false\" data-vc-stretch-content=\"true\" class=\"vc_row wpb_row vc_row-fluid nospace vc_row-no-padding vc_row-o-equal-height vc_row-flex\"><div class=\"wpb_column vc_column_container vc_col-sm-4\"><div class=\"vc_column-inner\"><div class=\"wpb_wrapper\">\n\t<div  class=\"wpb_single_image wpb_content_element vc_align_left wpb_content_element\">\n\t\t\n\t\t<figure class=\"wpb_wrapper vc_figure\">\n\t\t\t<div class=\"vc_single_image-wrapper   vc_box_border_grey\"><img loading=\"lazy\" decoding=\"async\" width=\"650\" height=\"650\" src=\"http:\/\/vinotresgeneraciones.com\/wp-content\/uploads\/2017\/09\/historias001-1.jpg\" class=\"vc_single_image-img attachment-full\" alt=\"\" title=\"historias001\" srcset=\"http:\/\/vinotresgeneraciones.com\/wp-content\/uploads\/2017\/09\/historias001-1.jpg 650w, http:\/\/vinotresgeneraciones.com\/wp-content\/uploads\/2017\/09\/historias001-1-150x150.jpg 150w, http:\/\/vinotresgeneraciones.com\/wp-content\/uploads\/2017\/09\/historias001-1-300x300.jpg 300w\" sizes=\"auto, (max-width: 650px) 100vw, 650px\" \/><\/div>\n\t\t<\/figure>\n\t<\/div>\n<\/div><\/div><\/div><div class=\"wpb_column vc_column_container vc_col-sm-4\"><div class=\"vc_column-inner\"><div class=\"wpb_wrapper\">\n\t<div  class=\"wpb_single_image wpb_content_element vc_align_left wpb_content_element\">\n\t\t\n\t\t<figure class=\"wpb_wrapper vc_figure\">\n\t\t\t<div class=\"vc_single_image-wrapper   vc_box_border_grey\"><img loading=\"lazy\" decoding=\"async\" width=\"650\" height=\"650\" src=\"http:\/\/vinotresgeneraciones.com\/wp-content\/uploads\/2017\/09\/inicio002.jpg\" class=\"vc_single_image-img attachment-full\" alt=\"\" title=\"inicio002\" srcset=\"http:\/\/vinotresgeneraciones.com\/wp-content\/uploads\/2017\/09\/inicio002.jpg 650w, http:\/\/vinotresgeneraciones.com\/wp-content\/uploads\/2017\/09\/inicio002-150x150.jpg 150w, http:\/\/vinotresgeneraciones.com\/wp-content\/uploads\/2017\/09\/inicio002-300x300.jpg 300w\" sizes=\"auto, (max-width: 650px) 100vw, 650px\" \/><\/div>\n\t\t<\/figure>\n\t<\/div>\n<\/div><\/div><\/div><div class=\"wpb_column vc_column_container vc_col-sm-4\"><div class=\"vc_column-inner\"><div class=\"wpb_wrapper\">\n\t<div  class=\"wpb_single_image wpb_content_element vc_align_left wpb_content_element\">\n\t\t\n\t\t<figure class=\"wpb_wrapper vc_figure\">\n\t\t\t<div class=\"vc_single_image-wrapper   vc_box_border_grey\"><img loading=\"lazy\" decoding=\"async\" width=\"650\" height=\"650\" src=\"http:\/\/vinotresgeneraciones.com\/wp-content\/uploads\/2017\/09\/historias001.jpg\" class=\"vc_single_image-img attachment-full\" alt=\"\" title=\"historias001\" srcset=\"http:\/\/vinotresgeneraciones.com\/wp-content\/uploads\/2017\/09\/historias001.jpg 650w, http:\/\/vinotresgeneraciones.com\/wp-content\/uploads\/2017\/09\/historias001-150x150.jpg 150w, http:\/\/vinotresgeneraciones.com\/wp-content\/uploads\/2017\/09\/historias001-300x300.jpg 300w\" sizes=\"auto, (max-width: 650px) 100vw, 650px\" \/><\/div>\n\t\t<\/figure>\n\t<\/div>\n<\/div><\/div><\/div><\/div><div class=\"vc_row-full-width vc_clearfix\"><\/div>\n<\/div>","protected":false},"excerpt":{"rendered":"Nuestra Historia En este mundo, solo lo mejor pasa de generaci\u00f3n en generaci\u00f3n. Solo lo que trasciende en el tiempo se convierte en leyendas. Quien recibe ese legado no le queda m\u00e1s remedio que volver a entregarlo a sus descendientes como el obsequio m\u00e1s preciado; uniendo as\u00ed a tres generaciones mediante una conexi\u00f3n m\u00e1gica. Estas [...]","protected":false},"author":1,"featured_media":0,"parent":0,"menu_order":0,"comment_status":"closed","ping_status":"open","template":"","meta":{"om_disable_all_campaigns":false,"_exactmetrics_skip_tracking":false,"_exactmetrics_sitenote_active":false,"_exactmetrics_sitenote_note":"","_exactmetrics_sitenote_category":0,"_uf_show_specific_survey":0,"_uf_disable_surveys":false,"footnotes":""},"class_list":["post-77","page","type-page","status-publish","hentry"],"aioseo_notices":[],"_links":{"self":[{"href":"http:\/\/vinotresgeneraciones.com\/en\/wp-json\/wp\/v2\/pages\/77","targetHints":{"allow":["GET"]}}],"collection":[{"href":"http:\/\/vinotresgeneraciones.com\/en\/wp-json\/wp\/v2\/pages"}],"about":[{"href":"http:\/\/vinotresgeneraciones.com\/en\/wp-json\/wp\/v2\/types\/page"}],"author":[{"embeddable":true,"href":"http:\/\/vinotresgeneraciones.com\/en\/wp-json\/wp\/v2\/users\/1"}],"replies":[{"embeddable":true,"href":"http:\/\/vinotresgeneraciones.com\/en\/wp-json\/wp\/v2\/comments?post=77"}],"version-history":[{"count":6,"href":"http:\/\/vinotresgeneraciones.com\/en\/wp-json\/wp\/v2\/pages\/77\/revisions"}],"predecessor-version":[{"id":147,"href":"http:\/\/vinotresgeneraciones.com\/en\/wp-json\/wp\/v2\/pages\/77\/revisions\/147"}],"wp:attachment":[{"href":"http:\/\/vinotresgeneraciones.com\/en\/wp-json\/wp\/v2\/media?parent=77"}],"curies":[{"name":"wp","href":"https:\/\/api.w.org\/{rel}","templated":true}]}}