{"id":93,"date":"2017-09-29T08:05:32","date_gmt":"2017-09-29T08:05:32","guid":{"rendered":"http:\/\/vinotresgeneraciones.com\/?page_id=93"},"modified":"2025-01-15T19:04:15","modified_gmt":"2025-01-15T19:04:15","slug":"politica-de-privacidad","status":"publish","type":"page","link":"http:\/\/vinotresgeneraciones.com\/es_es\/politica-de-privacidad\/","title":{"rendered":"Pol\u00edtica de privacidad"},"content":{"rendered":"<div class=\"wpb-content-wrapper\"><div data-vc-full-width=\"true\" data-vc-full-width-init=\"false\" class=\"vc_row wpb_row vc_row-fluid vc_custom_1506598532740 vc_row-has-fill\"><div class=\"wpb_column vc_column_container vc_col-sm-12\"><div class=\"vc_column-inner\"><div class=\"wpb_wrapper\"><\/div><\/div><\/div><\/div><div class=\"vc_row-full-width vc_clearfix\"><\/div><div class=\"vc_row wpb_row vc_row-fluid vc_custom_1506598435345\"><div class=\"wpb_column vc_column_container vc_col-sm-12\"><div class=\"vc_column-inner\"><div class=\"wpb_wrapper\">\n\t<div class=\"wpb_text_column wpb_content_element\" >\n\t\t<div class=\"wpb_wrapper\">\n\t\t\t<h1>Pol\u00edtica de privacidad<\/h1>\n\n\t\t<\/div>\n\t<\/div>\n<div class=\"vc_row wpb_row vc_inner vc_row-fluid\"><div class=\"wpb_column vc_column_container vc_col-sm-12\"><div class=\"vc_column-inner\"><div class=\"wpb_wrapper\">\n\t<div class=\"wpb_text_column wpb_content_element\" >\n\t\t<div class=\"wpb_wrapper\">\n\t\t\t<p>Bodegas Lara S.L como titular del sitio web, expone en esta secci\u00f3n la Pol\u00edtica de Privacidad corporativa, sobre la informaci\u00f3n de car\u00e1cter personal que el usuario puede facilitar, cuando visite la p\u00e1gina web <a href=\"http:\/\/www.tresgeneraciones.es\">www.tresgeneraciones.es<\/a>. El objetivo de la Pol\u00edtica de Privacidad de Bodegas Lara S.L es proteger la informaci\u00f3n en Internet y los datos que el usuario pueda introducir en la web. Esta Pol\u00edtica de Privacidad est\u00e1 presidida por el cumplimiento de la legislaci\u00f3n vigente en materia de protecci\u00f3n de datos de car\u00e1cter personal: Ley Org\u00e1nica 15\/1999, de 13 de diciembre, de Protecci\u00f3n de Datos de Car\u00e1cter Personal (LOPD) y por el Real Decreto 1720\/2007, de 21 de diciembre, por el que se aprueba el Reglamento de Desarrollo de la Ley Org\u00e1nica 15\/1999 (RLOPD).<\/p>\n<p><strong>1. Uso y Tratamiento de Datos de Car\u00e1cter Personal<\/strong><\/p>\n<p>En cumplimiento de lo establecido en la LOPD, le informamos que los datos suministrados, as\u00ed como aquellos datos derivados de su navegaci\u00f3n, podr\u00e1n ser almacenados en los ficheros de\u00a0Bodegas Lara S.L\u00a0y tratados para la finalidad de atender su solicitud y el mantenimiento de la relaci\u00f3n que se establezca en los formularios que suscriba. Adicionalmente, Usted consiente el tratamiento de sus datos con la finalidad de informarles, por cualquier medio, incluido el correo electr\u00f3nico, de productos y servicios de Bodegas Lara S.L\u00a0o de terceras empresas colaboradoras. En caso de no autorizar el tratamiento de sus datos con la finalidad se\u00f1alada en el p\u00e1rrafo\/s anterior\/es, usted podr\u00e1 ejercer su derecho de oposici\u00f3n al tratamiento de sus datos en los t\u00e9rminos y condiciones previstos m\u00e1s abajo en el apartado 3\u00ba \u201cEjercicio de Derechos\u201d.<\/p>\n<p><strong>2. Medidas de Seguridad<\/strong><\/p>\n<p>Bodegas Lara S.L\u00a0le informa que tienen implantadas las medidas de seguridad de \u00edndole t\u00e9cnica y organizativas necesarias para garantizar la seguridad de sus datos de car\u00e1cter personal y evitar su alteraci\u00f3n, p\u00e9rdida y tratamiento y\/o acceso no autorizado, la naturaleza de los datos almacenados y los riesgos a que est\u00e1n expuestos, ya provengan de la acci\u00f3n humana o del medio f\u00edsico o natural. Todo ello de conformidad con lo previsto en el Art. 9 de la LOPD y el T\u00edtulo VIII del RLOPD. Asimismo, Bodegas Lara S.L\u00a0ha establecido medidas adicionales de cara a reforzar la confidencialidad e integridad de la informaci\u00f3n en su organizaci\u00f3n. Dicha entidad continuamente mantiene la supervisi\u00f3n, control y evaluaci\u00f3n de los procesos para asegurar el respeto a la privacidad de los datos.<\/p>\n<p><strong>3. Ejercicio de Derechos: Acceso, Rectificaci\u00f3n, Cancelaci\u00f3n y Oposici\u00f3n<\/strong><\/p>\n<p>Aquellas personas f\u00edsicas que hayan facilitado sus datos a Bodegas Lara S.L\u00a0podr\u00e1n dirigirse a la citada entidad, con el fin de poder ejercitar gratuitamente sus derechos de acceso, rectificaci\u00f3n, cancelaci\u00f3n y oposici\u00f3n notific\u00e1ndolo a:<\/p>\n<p>BODEGAS LARA S.L.<\/p>\n<p>CIF \/ NIF: B-29070059<\/p>\n<p>Direcci\u00f3n: C\/ Gerald Brenan, 4 Pol. Ind. Guadalhorce<\/p>\n<p>CP: 29004 M\u00e1laga \u2013 Espa\u00f1a<\/p>\n<p>E-mail: info@bodegastresgeneraciones.com<\/p>\n<p><strong>4. Uso de \u201cCookies\u201d<\/strong><\/p>\n<p>Le informamos de que en la p\u00e1gina web s\u00f3lo usaremos \u00abcookies\u00bb cuando el navegador del usuario nos lo permita. Una \u00abcookie\u00bb es una peque\u00f1a pieza de c\u00f3digo, como una etiqueta, que los sitios web pueden colocar en un ordenador cuando son visitados y act\u00faa como un identificador que puede usarse para recuperar los datos en la base de datos y para seguir la navegaci\u00f3n dentro de la web. Si no deseas tener una de nuestras \u00abcookies\u00bb en tu ordenador, debes asegurarte de que el buscador est\u00e1 configurado para bloquearlas. Podr\u00e1s utilizar nuestra web, aunque bloquees las \u00abcookies\u00bb.<\/p>\n<p><strong>5. Otros<\/strong><\/p>\n<p>Para entrar en las \u00e1reas de acceso restringido, los usuarios deber\u00e1n disponer de las claves de acceso correspondientes. Bodegas Lara S.L\u00a0se reserva el derecho de aceptar o rechazar libremente la solicitud de registro de cualquier usuario. Los datos introducidos por los usuarios deber\u00e1n ser exactos, actuales, veraces y ser\u00e1n procesados y tratados en cumplimiento de la legislaci\u00f3n vigente en materia de protecci\u00f3n de datos personales. Los usuarios ser\u00e1n responsables en todo caso de la custodia de sus claves de acceso, por lo que ser\u00e1n de su exclusiva responsabilidad cualesquiera da\u00f1os y perjuicios que pudieran derivarse de un uso indebido de la misma, as\u00ed como de su extrav\u00edo o cualquier otra circunstancia que pudiera suponer un riesgo de acceso de utilizaci\u00f3n de la misma por terceros no autorizados. Los usuarios deber\u00e1n comunicarlo inmediatamente al correo <a href=\"mailto:comercial@laraseleccion.com\">comercial@laraseleccion.com<\/a> para que este proceda al bloqueo y a la sustituci\u00f3n de la misma.<\/p>\n<p><strong>6. Modificaci\u00f3n de la Pol\u00edtica de Privacidad<\/strong><\/p>\n<p>Bodegas Lara S.L\u00a0se reserva el derecho a modificar su Pol\u00edtica de Privacidad, de acuerdo a su propio criterio, o motivado por un cambio legislativo, jurisprudencial o doctrinal de la Agencia Espa\u00f1ola de Protecci\u00f3n de Datos. Cualquier modificaci\u00f3n de la Pol\u00edtica de Privacidad ser\u00e1 publicada al menos diez d\u00edas antes de su efectiva aplicaci\u00f3n. El uso de la Web despu\u00e9s de dichos cambios, implicar\u00e1 la aceptaci\u00f3n de estos.<\/p>\n\n\t\t<\/div>\n\t<\/div>\n<\/div><\/div><\/div><\/div><\/div><\/div><\/div><\/div>\n<\/div>","protected":false},"excerpt":{"rendered":"Pol\u00edtica de privacidad Bodegas Lara S.L como titular del sitio web, expone en esta secci\u00f3n la Pol\u00edtica de Privacidad corporativa, sobre la informaci\u00f3n de car\u00e1cter personal que el usuario puede facilitar, cuando visite la p\u00e1gina web www.tresgeneraciones.es. El objetivo de la Pol\u00edtica de Privacidad de Bodegas Lara S.L es proteger la informaci\u00f3n en Internet y [...]","protected":false},"author":1,"featured_media":0,"parent":0,"menu_order":0,"comment_status":"closed","ping_status":"closed","template":"","meta":{"om_disable_all_campaigns":false,"_exactmetrics_skip_tracking":false,"_exactmetrics_sitenote_active":false,"_exactmetrics_sitenote_note":"","_exactmetrics_sitenote_category":0,"_uf_show_specific_survey":0,"_uf_disable_surveys":false,"footnotes":""},"class_list":["post-93","page","type-page","status-publish","hentry"],"aioseo_notices":[],"_links":{"self":[{"href":"http:\/\/vinotresgeneraciones.com\/es_es\/wp-json\/wp\/v2\/pages\/93","targetHints":{"allow":["GET"]}}],"collection":[{"href":"http:\/\/vinotresgeneraciones.com\/es_es\/wp-json\/wp\/v2\/pages"}],"about":[{"href":"http:\/\/vinotresgeneraciones.com\/es_es\/wp-json\/wp\/v2\/types\/page"}],"author":[{"embeddable":true,"href":"http:\/\/vinotresgeneraciones.com\/es_es\/wp-json\/wp\/v2\/users\/1"}],"replies":[{"embeddable":true,"href":"http:\/\/vinotresgeneraciones.com\/es_es\/wp-json\/wp\/v2\/comments?post=93"}],"version-history":[{"count":4,"href":"http:\/\/vinotresgeneraciones.com\/es_es\/wp-json\/wp\/v2\/pages\/93\/revisions"}],"predecessor-version":[{"id":3291,"href":"http:\/\/vinotresgeneraciones.com\/es_es\/wp-json\/wp\/v2\/pages\/93\/revisions\/3291"}],"wp:attachment":[{"href":"http:\/\/vinotresgeneraciones.com\/es_es\/wp-json\/wp\/v2\/media?parent=93"}],"curies":[{"name":"wp","href":"https:\/\/api.w.org\/{rel}","templated":true}]}}